{"id":285,"date":"2018-02-09T10:40:06","date_gmt":"2018-02-09T10:40:06","guid":{"rendered":"https:\/\/demo.themegrill.com\/colormag\/?page_id=285"},"modified":"2022-05-11T11:15:28","modified_gmt":"2022-05-11T11:15:28","slug":"contact-us","status":"publish","type":"page","link":"https:\/\/itblog.istek.k12.tr\/index.php\/contact-us\/","title":{"rendered":"\u0130leti\u015fim Form &#8211; Contact Us"},"content":{"rendered":"<p>\u0130stek Okullar\u0131 bilgi i\u015flem departman\u0131m\u0131za ula\u015fmak i\u00e7in <a href=\"mailto:bilgiislem@istek.k12.tr\" target=\"_blank\" rel=\"noopener\">bilgiislem@istek.k12.tr<\/a> ye mail atman\u0131z yeterli. Genel anlamda IT ile ilgili b\u00fct\u00fcn sorular\u0131n\u0131z\u0131 taleplerinizi bu kanaldan sorabilirsiniz.<\/p>\n<div class=\"everest-forms\"><div class=\"evf-container default\" id=\"evf-287\"><form id=\"evf-form-287\" class=\"everest-form\" data-formid=\"287\" data-ajax_submission=\"1\" data-keyboard_friendly_form=\"0\" method=\"post\" enctype=\"multipart\/form-data\" action=\"\/index.php\/wp-json\/wp\/v2\/pages\/285\"><div class=\"evf-field-container\"><input type=\"hidden\" id=\"_wpnonce287\" name=\"_wpnonce287\" value=\"5bccc263f0\" \/><input type=\"hidden\" name=\"_wp_http_referer\" value=\"\/index.php\/wp-json\/wp\/v2\/pages\/285\" \/><div class=\"evf-frontend-row\" data-row=\"row_1\" conditional_rules=\"[]\"><div class=\"evf-frontend-grid evf-grid-1\" data-grid=\"grid_1\"><div id=\"evf-287-field_lVizlNhYus-1-container\" class=\"evf-field evf-field-text form-row validate-required\" data-required-field-message=\"This field is required.\" data-field-id=\"lVizlNhYus-1\"><label class=\"evf-field-label\" for=\"evf-287-field_lVizlNhYus-1\"><span class=\"evf-label\">Ad Soyad \/ Name Surname<\/span> <abbr class=\"required\" title=\"Required\">*<\/abbr><\/label><input type=\"text\" id=\"evf-287-field_lVizlNhYus-1\" class=\"input-text\" name=\"everest_forms[form_fields][lVizlNhYus-1]\" required><\/div><div id=\"evf-287-field_XYnMdkQDKM-3-container\" class=\"evf-field evf-field-email form-row validate-required validate-email\" data-required-field-message=\"Please enter a valid email address.\" data-field-id=\"XYnMdkQDKM-3\"><label class=\"evf-field-label\" for=\"evf-287-field_XYnMdkQDKM-3\"><span class=\"evf-label\">Email<\/span> <abbr class=\"required\" title=\"Required\">*<\/abbr><\/label><input type=\"email\" id=\"evf-287-field_XYnMdkQDKM-3\" class=\"input-text\" name=\"everest_forms[form_fields][XYnMdkQDKM-3]\" required ><\/div><div id=\"evf-287-field_xJivsqAS2c-2-container\" class=\"evf-field evf-field-text form-row validate-required\" data-required-field-message=\"This field is required.\" data-field-id=\"xJivsqAS2c-2\"><label class=\"evf-field-label\" for=\"evf-287-field_xJivsqAS2c-2\"><span class=\"evf-label\">Ba\u015fl\u0131k \/ Subject<\/span> <abbr class=\"required\" title=\"Required\">*<\/abbr><\/label><input type=\"text\" id=\"evf-287-field_xJivsqAS2c-2\" class=\"input-text\" name=\"everest_forms[form_fields][xJivsqAS2c-2]\" required><\/div><div id=\"evf-287-field_YalaPcQ0DO-4-container\" class=\"evf-field evf-field-textarea form-row\" data-field-id=\"YalaPcQ0DO-4\"><label class=\"evf-field-label\" for=\"evf-287-field_YalaPcQ0DO-4\"><span class=\"evf-label\">Mesaj\u0131n\u0131z \/ Message<\/span> <\/label><textarea id=\"evf-287-field_YalaPcQ0DO-4\" class=\"input-text\" name=\"everest_forms[form_fields][YalaPcQ0DO-4]\"  ><\/textarea><\/div><\/div><\/div><\/div><div class=\"evf-honeypot-container evf-field-hp\"><label for=\"evf-287-field-hp\" class=\"evf-field-label\">Website<\/label><input type=\"text\" name=\"everest_forms[hp]\" id=\"evf-287-field-hp\" class=\"input-text\"><\/div><div class=\"evf-recaptcha-container \" style=\"display:block\"><div class=\"g-recaptcha\" data-sitekey=\"6Leb4AAVAAAAAE44E6H_KbvI5DLev1dbwuXGWCI0\"><\/div><\/div><div class=\"evf-submit-container \" ><input type=\"hidden\" name=\"everest_forms[id]\" value=\"287\"><input type=\"hidden\" name=\"everest_forms[author]\" value=\"1\"><button type='submit' name='everest_forms[submit]' class='everest-forms-submit-button button evf-submit ' id='evf-submit-287' value='evf-submit' data-process-text=\"Processing\u2026\" conditional_rules='&quot;&quot;' conditional_id='evf-submit-287'  id=\"evf-submit-287\" aria-live=\"assertive\">G\u00f6nder \/ Submit<\/button><\/div><\/form><\/div><!-- .evf-container --><\/div>\n","protected":false},"excerpt":{"rendered":"<p>\u0130stek Okullar\u0131 bilgi i\u015flem departman\u0131m\u0131za ula\u015fmak i\u00e7in bilgiislem@istek.k12.tr ye mail atman\u0131z yeterli. Genel anlamda IT ile ilgili b\u00fct\u00fcn sorular\u0131n\u0131z\u0131 taleplerinizi<\/p>\n","protected":false},"author":1,"featured_media":0,"parent":0,"menu_order":0,"comment_status":"closed","ping_status":"closed","template":"page-templates\/contact.php","meta":[],"_links":{"self":[{"href":"https:\/\/itblog.istek.k12.tr\/index.php\/wp-json\/wp\/v2\/pages\/285"}],"collection":[{"href":"https:\/\/itblog.istek.k12.tr\/index.php\/wp-json\/wp\/v2\/pages"}],"about":[{"href":"https:\/\/itblog.istek.k12.tr\/index.php\/wp-json\/wp\/v2\/types\/page"}],"author":[{"embeddable":true,"href":"https:\/\/itblog.istek.k12.tr\/index.php\/wp-json\/wp\/v2\/users\/1"}],"replies":[{"embeddable":true,"href":"https:\/\/itblog.istek.k12.tr\/index.php\/wp-json\/wp\/v2\/comments?post=285"}],"version-history":[{"count":3,"href":"https:\/\/itblog.istek.k12.tr\/index.php\/wp-json\/wp\/v2\/pages\/285\/revisions"}],"predecessor-version":[{"id":996,"href":"https:\/\/itblog.istek.k12.tr\/index.php\/wp-json\/wp\/v2\/pages\/285\/revisions\/996"}],"wp:attachment":[{"href":"https:\/\/itblog.istek.k12.tr\/index.php\/wp-json\/wp\/v2\/media?parent=285"}],"curies":[{"name":"wp","href":"https:\/\/api.w.org\/{rel}","templated":true}]}}